{"id":24,"date":"2018-08-24T09:55:05","date_gmt":"2018-08-24T07:55:05","guid":{"rendered":"https:\/\/maeder-partner.ch\/?page_id=24"},"modified":"2019-01-15T22:21:46","modified_gmt":"2019-01-15T20:21:46","slug":"kontakt","status":"publish","type":"page","link":"https:\/\/maeder-partner.ch\/","title":{"rendered":"Kontakt"},"content":{"rendered":"<p><strong>Architekturb\u00fcro M\u00e4der und Partner<\/strong><br \/>\nHans Georg N\u00e4gelistrasse 26, 8620 Wetzikon<br \/>\nTel: 044 930 44 55<br \/>\ninfo@maeder-partner.ch<\/p>\n<p><iframe loading=\"lazy\" style=\"border: 0;\" src=\"https:\/\/www.google.com\/maps\/embed?pb=!1m18!1m12!1m3!1d24319.25257075344!2d8.793522250790193!3d47.340230630553926!2m3!1f0!2f0!3f0!3m2!1i1024!2i768!4f13.1!3m3!1m2!1s0x479abbf05fc8edcf%3A0x251a46030c7f2058!2sArchitekturb%C3%BCro+M%C3%A4der+%2B+Partner+GmbH!5e1!3m2!1sde!2sch!4v1535097752352\" width=\"1200\" height=\"600\" frameborder=\"0\" allowfullscreen=\"allowfullscreen\"><\/iframe><\/p>\n","protected":false},"excerpt":{"rendered":"<p>Architekturb\u00fcro M\u00e4der und Partner Hans Georg N\u00e4gelistrasse 26, 8620 Wetzikon Tel: 044 930 44 55 info@maeder-partner.ch<\/p>\n","protected":false},"author":2,"featured_media":0,"parent":0,"menu_order":0,"comment_status":"closed","ping_status":"closed","template":"","meta":{"footnotes":""},"class_list":["post-24","page","type-page","status-publish","hentry"],"_links":{"self":[{"href":"https:\/\/maeder-partner.ch\/index.php?rest_route=\/wp\/v2\/pages\/24","targetHints":{"allow":["GET"]}}],"collection":[{"href":"https:\/\/maeder-partner.ch\/index.php?rest_route=\/wp\/v2\/pages"}],"about":[{"href":"https:\/\/maeder-partner.ch\/index.php?rest_route=\/wp\/v2\/types\/page"}],"author":[{"embeddable":true,"href":"https:\/\/maeder-partner.ch\/index.php?rest_route=\/wp\/v2\/users\/2"}],"replies":[{"embeddable":true,"href":"https:\/\/maeder-partner.ch\/index.php?rest_route=%2Fwp%2Fv2%2Fcomments&post=24"}],"version-history":[{"count":7,"href":"https:\/\/maeder-partner.ch\/index.php?rest_route=\/wp\/v2\/pages\/24\/revisions"}],"predecessor-version":[{"id":53,"href":"https:\/\/maeder-partner.ch\/index.php?rest_route=\/wp\/v2\/pages\/24\/revisions\/53"}],"wp:attachment":[{"href":"https:\/\/maeder-partner.ch\/index.php?rest_route=%2Fwp%2Fv2%2Fmedia&parent=24"}],"curies":[{"name":"wp","href":"https:\/\/api.w.org\/{rel}","templated":true}]}}